{"id":191,"date":"2016-08-17T13:35:45","date_gmt":"2016-08-17T13:35:45","guid":{"rendered":"http:\/\/themes.muffingroup.com\/be\/lawyer2\/?page_id=16"},"modified":"2018-12-01T19:47:59","modified_gmt":"2018-12-01T21:47:59","slug":"areas-atuacao","status":"publish","type":"page","link":"https:\/\/caldasbarcellos.com\/index.php\/areas-atuacao\/","title":{"rendered":"\u00c1reas de Atua\u00e7\u00e3o"},"content":{"rendered":"","protected":false},"excerpt":{"rendered":"","protected":false},"author":1,"featured_media":0,"parent":0,"menu_order":0,"comment_status":"closed","ping_status":"closed","template":"","meta":{"footnotes":""},"class_list":["post-191","page","type-page","status-publish","hentry"],"_links":{"self":[{"href":"https:\/\/caldasbarcellos.com\/index.php\/wp-json\/wp\/v2\/pages\/191","targetHints":{"allow":["GET"]}}],"collection":[{"href":"https:\/\/caldasbarcellos.com\/index.php\/wp-json\/wp\/v2\/pages"}],"about":[{"href":"https:\/\/caldasbarcellos.com\/index.php\/wp-json\/wp\/v2\/types\/page"}],"author":[{"embeddable":true,"href":"https:\/\/caldasbarcellos.com\/index.php\/wp-json\/wp\/v2\/users\/1"}],"replies":[{"embeddable":true,"href":"https:\/\/caldasbarcellos.com\/index.php\/wp-json\/wp\/v2\/comments?post=191"}],"version-history":[{"count":1,"href":"https:\/\/caldasbarcellos.com\/index.php\/wp-json\/wp\/v2\/pages\/191\/revisions"}],"predecessor-version":[{"id":214,"href":"https:\/\/caldasbarcellos.com\/index.php\/wp-json\/wp\/v2\/pages\/191\/revisions\/214"}],"wp:attachment":[{"href":"https:\/\/caldasbarcellos.com\/index.php\/wp-json\/wp\/v2\/media?parent=191"}],"curies":[{"name":"wp","href":"https:\/\/api.w.org\/{rel}","templated":true}]}}